{"id":2674,"date":"2017-09-27T17:43:55","date_gmt":"2017-09-27T17:43:55","guid":{"rendered":"http:\/\/elvisverzamelaars.nl\/?page_id=2674"},"modified":"2026-04-11T19:05:04","modified_gmt":"2026-04-11T18:05:04","slug":"verhaal-achter-het-gouden-lame-pak","status":"publish","type":"page","link":"https:\/\/elvisverzamelaars.nl\/?page_id=2674","title":{"rendered":"Verhaal achter het Gouden Lam\u00e9 Pak"},"content":{"rendered":"<p style=\"text-align: center;\"><img loading=\"lazy\" decoding=\"async\" class=\"alignnone size-medium wp-image-2696\" src=\"http:\/\/elvisverzamelaars.nl\/wp-content\/uploads\/2017\/09\/acf294b64d3777822e1e094f3dd0dd46afg-229x300.jpg\" alt=\"\" width=\"229\" height=\"300\" srcset=\"https:\/\/elvisverzamelaars.nl\/wp-content\/uploads\/2017\/09\/acf294b64d3777822e1e094f3dd0dd46afg-229x300.jpg 229w, https:\/\/elvisverzamelaars.nl\/wp-content\/uploads\/2017\/09\/acf294b64d3777822e1e094f3dd0dd46afg.jpg 587w\" sizes=\"auto, (max-width: 229px) 100vw, 229px\" \/><br \/>\n<strong><span style=\"color: #ff0000;\">Nudie Cohn en z&#8217;n vrouw Helen &#8220;Bobbie&#8221; Kruger<\/span><\/strong><\/p>\n<p style=\"text-align: center;\"><span style=\"color: #000000;\">Het gouden Lam\u00e9 kostuum is gemaakt eind 1956 door Nudie Cohn (geboren op 15 december 1902 in Kiev, Oekra\u00efne als Nuta Kotlyarenko. Overleden op 9 mei 1984 in Burbank, Californi\u00eb.) van het bedrijf Nudie\u2019s<br \/>\nRodeo Tailors in Hollywood, in opdracht van Colonel Tom Parker. De Colonel vond dat zijn \u201cGolden Boy\u201d een Gouden pak moest dragen voor een aantal optredens in 1957. De Colonel en Nudie Cohn haalden<br \/>\nnadat het pak klaar was een truc uit, en zeiden tegen de pers dat het pak zo\u2019n 10.000 Dollar gekost heeft, en gemaakt was van de huid van ongeboren kalfjes bekleed met bladgoud van 24 karaat. In het echt heeft het pak maar 2,500 Dollar gekost, en was gemaakt van goudkleurig draad. Maar na deze overdreven<br \/>\nverklaring ging het kostuum de boeken in als het \u201cFamous $10,000 Gold Lam\u00e9 Suit\u201d.<\/span><\/p>\n<p style=\"text-align: center;\"><a href=\"https:\/\/elvisverzamelaars.nl\/?page_id=2144\" target=\"_blank\" rel=\"noopener\"><img loading=\"lazy\" decoding=\"async\" class=\"alignnone size-medium wp-image-2678\" src=\"http:\/\/elvisverzamelaars.nl\/wp-content\/uploads\/2017\/09\/Elvis-Nudie-Cohn-187x300.jpg\" alt=\"\" width=\"187\" height=\"300\" srcset=\"https:\/\/elvisverzamelaars.nl\/wp-content\/uploads\/2017\/09\/Elvis-Nudie-Cohn-187x300.jpg 187w, https:\/\/elvisverzamelaars.nl\/wp-content\/uploads\/2017\/09\/Elvis-Nudie-Cohn.jpg 449w\" sizes=\"auto, (max-width: 187px) 100vw, 187px\" \/><\/a>\u00a0 \u00a0 \u00a0 \u00a0 \u00a0\u00a0<a href=\"https:\/\/elvisverzamelaars.nl\/?page_id=2144\" target=\"_blank\" rel=\"noopener\"><img loading=\"lazy\" decoding=\"async\" class=\"alignnone size-medium wp-image-2683\" src=\"http:\/\/elvisverzamelaars.nl\/wp-content\/uploads\/2017\/09\/gold-suit-Elvis-is-proudly-posing-in-his-new-set-of-clothes-in-front-of-the-fireplace-at-Audubon-Drive-218x300.jpg\" alt=\"\" width=\"218\" height=\"300\" srcset=\"https:\/\/elvisverzamelaars.nl\/wp-content\/uploads\/2017\/09\/gold-suit-Elvis-is-proudly-posing-in-his-new-set-of-clothes-in-front-of-the-fireplace-at-Audubon-Drive-218x300.jpg 218w, https:\/\/elvisverzamelaars.nl\/wp-content\/uploads\/2017\/09\/gold-suit-Elvis-is-proudly-posing-in-his-new-set-of-clothes-in-front-of-the-fireplace-at-Audubon-Drive.jpg 450w\" sizes=\"auto, (max-width: 218px) 100vw, 218px\" \/><\/a><br \/>\n<strong><span style=\"color: #ff0000;\">Nudie Cohn &amp; Elvis Presley\u00a0 \u00a0 \u00a0 \u00a0 \u00a0 \u00a0 \u00a0 Elvis showt zijn gouden pak thuis\u00a0<\/span><\/strong><br \/>\n<strong><span style=\"color: #ff0000;\">\u00a0 \u00a0 \u00a0 \u00a0 \u00a0 \u00a0 \u00a0 \u00a0 \u00a0 \u00a0 \u00a0 \u00a0 \u00a0 \u00a0 \u00a0 \u00a0 \u00a0 \u00a0 \u00a0 \u00a0 \u00a0 \u00a0 \u00a0 \u00a0 \u00a0 \u00a0 \u00a0 \u00a0 \u00a0 \u00a0 \u00a0 \u00a0\u00a0in Audubon Drive, Memphis<\/span><\/strong><\/p>\n<p style=\"text-align: center;\"><span style=\"color: #000000;\">Begin maart 1957 droeg Elvis het pak voor het eerst voor een foto-shoot die gemaakt werd in Hollywood. Deze foto&#8217;s zullen worden gebruikt voor de hoes van het album &#8220;50,000,000 Elvis Fans Can&#8217;t Be Wrong&#8221;.<br \/>\nOp 28 maart 1957 droeg hij het voor de 1e keer op het podium tijdens zijn optreden in het International Amphitheatre in Chicago. Op 29 maart 1957 droeg Elvis het pak opnieuw, deze keer bij<br \/>\neen optreden in St. Louis, Missouri.<\/span><\/p>\n<p style=\"text-align: center;\"><img loading=\"lazy\" decoding=\"async\" class=\"alignnone wp-image-2693\" src=\"http:\/\/elvisverzamelaars.nl\/wp-content\/uploads\/2017\/09\/50.000.000-Elvis-Fans-Can\u2019t-Be-Wrong-300x300.jpg\" alt=\"\" width=\"233\" height=\"233\" srcset=\"https:\/\/elvisverzamelaars.nl\/wp-content\/uploads\/2017\/09\/50.000.000-Elvis-Fans-Can\u2019t-Be-Wrong-300x300.jpg 300w, https:\/\/elvisverzamelaars.nl\/wp-content\/uploads\/2017\/09\/50.000.000-Elvis-Fans-Can\u2019t-Be-Wrong-150x150.jpg 150w, https:\/\/elvisverzamelaars.nl\/wp-content\/uploads\/2017\/09\/50.000.000-Elvis-Fans-Can\u2019t-Be-Wrong.jpg 602w\" sizes=\"auto, (max-width: 233px) 100vw, 233px\" \/>\u00a0 \u00a0 \u00a0 \u00a0 \u00a0 \u00a0 \u00a0 \u00a0 \u00a0 \u00a0 \u00a0 \u00a0 \u00a0<img loading=\"lazy\" decoding=\"async\" class=\"alignnone wp-image-2677\" src=\"http:\/\/elvisverzamelaars.nl\/wp-content\/uploads\/2017\/09\/Backstage-in-Chicago-IL-on-March-28-1957-238x300.jpg\" alt=\"\" width=\"183\" height=\"231\" srcset=\"https:\/\/elvisverzamelaars.nl\/wp-content\/uploads\/2017\/09\/Backstage-in-Chicago-IL-on-March-28-1957-238x300.jpg 238w, https:\/\/elvisverzamelaars.nl\/wp-content\/uploads\/2017\/09\/Backstage-in-Chicago-IL-on-March-28-1957.jpg 450w\" sizes=\"auto, (max-width: 183px) 100vw, 183px\" \/><br \/>\n<strong><span style=\"color: #ff0000;\">&#8220;50,000,000 Elvis Fans Can&#8217;t Be Wrong&#8221;\u00a0 \u00a0 \u00a0 \u00a0 \u00a0 \u00a0 \u00a0 \u00a0 \u00a0 \u00a0 \u00a0 \u00a0Achter de schermen bij het\u00a0<\/span><\/strong><br \/>\n<strong><span style=\"color: #ff0000;\">\u00a0 \u00a0 \u00a0 \u00a0 \u00a0 \u00a0 \u00a0 \u00a0 \u00a0 \u00a0 \u00a0 \u00a0 \u00a0 \u00a0 \u00a0 \u00a0 \u00a0 \u00a0 \u00a0 \u00a0 \u00a0 \u00a0 \u00a0 \u00a0 \u00a0 \u00a0 \u00a0 \u00a0 \u00a0 \u00a0 \u00a0 \u00a0 \u00a0 \u00a0 \u00a0 \u00a0optreden op 28 maart 1957 in Chicago<\/span><\/strong><\/p>\n<p style=\"text-align: center;\"><span style=\"color: #000000;\">De daarop volgende optredens in Fort Wayne &#8211; Indiana, Detroit \u2013 Michigan en in Buffalo &#8211; New York, droeg Elvis alleen het gouden jasje, de gouden schoenen, de gouden riem en het gouden strikje in combinatie met een zwarte broek en blouse. Op 2 april 1957 tijdens een optreden in Toronto \u2013 Ontario in Canada droeg Elvis weer het complete pak, maar waren wel de slijtage plekken te zien op zijn knie\u00ebn.<\/span><\/p>\n<p style=\"text-align: center;\"><img loading=\"lazy\" decoding=\"async\" class=\"alignnone wp-image-2688\" src=\"http:\/\/elvisverzamelaars.nl\/wp-content\/uploads\/2017\/09\/SeattleGoldCoat-240x300.jpg\" alt=\"\" width=\"180\" height=\"225\" srcset=\"https:\/\/elvisverzamelaars.nl\/wp-content\/uploads\/2017\/09\/SeattleGoldCoat-240x300.jpg 240w, https:\/\/elvisverzamelaars.nl\/wp-content\/uploads\/2017\/09\/SeattleGoldCoat.jpg 450w\" sizes=\"auto, (max-width: 180px) 100vw, 180px\" \/>\u00a0 \u00a0 \u00a0 \u00a0 \u00a0 \u00a0 \u00a0 \u00a0 \u00a0 \u00a0 \u00a0 \u00a0 \u00a0 \u00a0 \u00a0 \u00a0 \u00a0<img loading=\"lazy\" decoding=\"async\" class=\"alignnone wp-image-2689\" src=\"http:\/\/elvisverzamelaars.nl\/wp-content\/uploads\/2017\/09\/toronto57rev-2-234x300.jpg\" alt=\"\" width=\"177\" height=\"227\" srcset=\"https:\/\/elvisverzamelaars.nl\/wp-content\/uploads\/2017\/09\/toronto57rev-2-234x300.jpg 234w, https:\/\/elvisverzamelaars.nl\/wp-content\/uploads\/2017\/09\/toronto57rev-2-768x984.jpg 768w, https:\/\/elvisverzamelaars.nl\/wp-content\/uploads\/2017\/09\/toronto57rev-2-799x1024.jpg 799w, https:\/\/elvisverzamelaars.nl\/wp-content\/uploads\/2017\/09\/toronto57rev-2-624x800.jpg 624w, https:\/\/elvisverzamelaars.nl\/wp-content\/uploads\/2017\/09\/toronto57rev-2.jpg 800w\" sizes=\"auto, (max-width: 177px) 100vw, 177px\" \/><br \/>\n<strong><span style=\"color: #ff0000;\">Elvis met Gouden jasje +\u00a0 \u00a0 \u00a0 \u00a0 \u00a0 \u00a0 \u00a0 \u00a0 \u00a0 \u00a0 \u00a0 \u00a0\u00a02 april 1957 tijdens een optreden in<\/span><\/strong><br \/>\n<span style=\"color: #ff0000;\"><strong>\u00a0 \u00a0\u00a0\u00a0Zwarte\u00a0broek en overhemd\u00a0 \u00a0 \u00a0 \u00a0 \u00a0 \u00a0 \u00a0 \u00a0 \u00a0 \u00a0 \u00a0 \u00a0 \u00a0 \u00a0 \u00a0 Toronto met het hele pak aan\u00a0 \u00a0<\/strong> \u00a0<\/span><\/p>\n<p style=\"text-align: center;\"><span style=\"color: #000000;\">Vanaf dan draagt Elvis zo af en toe alleen het gouden jasje in combinatie met een zwarte broek en<br \/>\noverhemd tijdens optredens. Tijdens Elvis zijn afwezigheid omdat hij in het leger zat, had De Colonel het Goudkleurige pak opgeborgen bij hem thuis. Nadat Elvis uit het leger kwam, droeg hij nog 1 maal<br \/>\nhet gouden jasje tijdens een benefiet concert op Hawaii.<\/span><\/p>\n<p style=\"text-align: center;\"><strong><img loading=\"lazy\" decoding=\"async\" class=\"alignnone wp-image-2692\" src=\"http:\/\/elvisverzamelaars.nl\/wp-content\/uploads\/2017\/09\/9a1d1cd5b572ca04357f4a15f544b176-169x300.jpg\" alt=\"\" width=\"160\" height=\"284\" srcset=\"https:\/\/elvisverzamelaars.nl\/wp-content\/uploads\/2017\/09\/9a1d1cd5b572ca04357f4a15f544b176-169x300.jpg 169w, https:\/\/elvisverzamelaars.nl\/wp-content\/uploads\/2017\/09\/9a1d1cd5b572ca04357f4a15f544b176.jpg 450w\" sizes=\"auto, (max-width: 160px) 100vw, 160px\" \/><\/strong><span style=\"color: #ff0000;\">\u00a0\u00a0<img loading=\"lazy\" decoding=\"async\" class=\"alignnone wp-image-2679\" src=\"http:\/\/elvisverzamelaars.nl\/wp-content\/uploads\/2017\/09\/Elvis-Gold-Lame-Jacket--186x300.jpg\" alt=\"\" width=\"175\" height=\"282\" srcset=\"https:\/\/elvisverzamelaars.nl\/wp-content\/uploads\/2017\/09\/Elvis-Gold-Lame-Jacket--186x300.jpg 186w, https:\/\/elvisverzamelaars.nl\/wp-content\/uploads\/2017\/09\/Elvis-Gold-Lame-Jacket-.jpg 450w\" sizes=\"auto, (max-width: 175px) 100vw, 175px\" \/>\u00a0\u00a0<img loading=\"lazy\" decoding=\"async\" class=\"alignnone wp-image-2680\" src=\"http:\/\/elvisverzamelaars.nl\/wp-content\/uploads\/2017\/09\/Elvis-Presley-Gold-Lame-Suit-203x300.jpg\" alt=\"\" width=\"189\" height=\"279\" srcset=\"https:\/\/elvisverzamelaars.nl\/wp-content\/uploads\/2017\/09\/Elvis-Presley-Gold-Lame-Suit-203x300.jpg 203w, https:\/\/elvisverzamelaars.nl\/wp-content\/uploads\/2017\/09\/Elvis-Presley-Gold-Lame-Suit.jpg 450w\" sizes=\"auto, (max-width: 189px) 100vw, 189px\" \/><\/span><br \/>\n<strong><span style=\"color: #ff0000;\">In Toronto, Canada\u00a0\u00a0 \u00a0 \u00a0\u00a0Gouden jas, Wit overhemd\u00a0\u00a0 \u00a0 \u00a0 \u00a0Gouden jas + Zwarte<\/span><\/strong><br \/>\n<strong><span style=\"color: #ff0000;\">\u00a0 \u00a0 \u00a0 \u00a0 \u00a0 \u00a0 \u00a0 \u00a0 \u00a0 \u00a0 \u00a0 \u00a0 \u00a0 \u00a0 \u00a0 \u00a0 \u00a0 \u00a0 \u00a0 \u00a0 \u00a0 \u00a0 \u00a0 \u00a0en Zwarte broek\u00a0\u00a0 \u00a0 \u00a0 \u00a0 \u00a0 \u00a0 \u00a0 \u00a0 \u00a0broek en overhemd<\/span><\/strong><\/p>\n<p style=\"text-align: center;\"><span style=\"color: #000000;\">Toen Bill Belew ging samenwerken met Elvis voor de \u201968 Comeback Special, wilde Bill een gouden<br \/>\npak maken dat gebaseerd was op het gouden pak van Nudie Cohn. Elvis liet Bill weten dat hij een<br \/>\ngrote hekel had aan het gouden pak, en niet opnieuw een gouden pak wilde aantrekken zodat hij eruit zou zien als een Clown. Toch kreeg Bill het voor elkaar dat hij toch een<br \/>\ngoudkleurig jasje aantrok in combinatie met een zwarte broek.<\/span><\/p>\n<p style=\"text-align: center;\"><a href=\"https:\/\/elvisverzamelaars.nl\/?page_id=2222\" target=\"_blank\" rel=\"noopener\"><img loading=\"lazy\" decoding=\"async\" class=\"alignnone wp-image-2694\" src=\"http:\/\/elvisverzamelaars.nl\/wp-content\/uploads\/2017\/09\/540-223x300.jpg\" alt=\"\" width=\"160\" height=\"215\" srcset=\"https:\/\/elvisverzamelaars.nl\/wp-content\/uploads\/2017\/09\/540-223x300.jpg 223w, https:\/\/elvisverzamelaars.nl\/wp-content\/uploads\/2017\/09\/540.jpg 450w\" sizes=\"auto, (max-width: 160px) 100vw, 160px\" \/><\/a>\u00a0 \u00a0 \u00a0 \u00a0 \u00a0\u00a0<img loading=\"lazy\" decoding=\"async\" class=\"alignnone wp-image-2691\" src=\"http:\/\/elvisverzamelaars.nl\/wp-content\/uploads\/2017\/09\/1k0-2-283x300.jpg\" alt=\"\" width=\"202\" height=\"214\" srcset=\"https:\/\/elvisverzamelaars.nl\/wp-content\/uploads\/2017\/09\/1k0-2-283x300.jpg 283w, https:\/\/elvisverzamelaars.nl\/wp-content\/uploads\/2017\/09\/1k0-2-768x815.jpg 768w, https:\/\/elvisverzamelaars.nl\/wp-content\/uploads\/2017\/09\/1k0-2-624x662.jpg 624w, https:\/\/elvisverzamelaars.nl\/wp-content\/uploads\/2017\/09\/1k0-2.jpg 900w\" sizes=\"auto, (max-width: 202px) 100vw, 202px\" \/><br \/>\n<strong><span style=\"color: #ff0000;\">Het goudkleurige jasje gedragen in de &#8217;68 Comeback Special<\/span><\/strong><\/p>\n<p style=\"text-align: center;\"><span style=\"color: #000000;\">Daarna werd het gouden pak vergeten, en wist niemand waar het gebleven was. Nadat Elvis Presley<br \/>\nEnterprises in 1987 Colonel Tom Parker had afgekocht met een bedrag van 2 Miljoen Dollar, kregen zij het originele gouden pak gemaakt door Nudie Cohn terug. Elvis Presley Enterprises was niet op de hoogte dat het gouden pak nog steeds in bezit was van De Colonel, en waren blij verrast.<br \/>\nHet pak is nu te bewonderen op Graceland.<\/span><\/p>\n<p style=\"text-align: center;\"><img loading=\"lazy\" decoding=\"async\" class=\"alignnone size-medium wp-image-2687\" src=\"http:\/\/elvisverzamelaars.nl\/wp-content\/uploads\/2017\/09\/nudie_elvis-115x300.jpg\" alt=\"\" width=\"115\" height=\"300\" srcset=\"https:\/\/elvisverzamelaars.nl\/wp-content\/uploads\/2017\/09\/nudie_elvis-115x300.jpg 115w, https:\/\/elvisverzamelaars.nl\/wp-content\/uploads\/2017\/09\/nudie_elvis-392x1024.jpg 392w, https:\/\/elvisverzamelaars.nl\/wp-content\/uploads\/2017\/09\/nudie_elvis.jpg 450w\" sizes=\"auto, (max-width: 115px) 100vw, 115px\" \/>\u00a0 \u00a0 \u00a0 \u00a0 \u00a0 \u00a0 \u00a0 \u00a0<img loading=\"lazy\" decoding=\"async\" class=\"alignnone size-medium wp-image-3325\" src=\"http:\/\/elvisverzamelaars.nl\/wp-content\/uploads\/2017\/09\/article-0-1DDC61ED00000578-867_634x941-123x300.jpg\" alt=\"\" width=\"123\" height=\"300\" srcset=\"https:\/\/elvisverzamelaars.nl\/wp-content\/uploads\/2017\/09\/article-0-1DDC61ED00000578-867_634x941-123x300.jpg 123w, https:\/\/elvisverzamelaars.nl\/wp-content\/uploads\/2017\/09\/article-0-1DDC61ED00000578-867_634x941.jpg 382w\" sizes=\"auto, (max-width: 123px) 100vw, 123px\" \/>\u00a0 \u00a0 \u00a0 \u00a0 \u00a0 \u00a0 \u00a0 \u00a0<img loading=\"lazy\" decoding=\"async\" class=\"alignnone size-medium wp-image-2695\" src=\"http:\/\/elvisverzamelaars.nl\/wp-content\/uploads\/2017\/09\/276521DC00000578-0-image-a-9_1428624519861-148x300.jpg\" alt=\"\" width=\"148\" height=\"300\" srcset=\"https:\/\/elvisverzamelaars.nl\/wp-content\/uploads\/2017\/09\/276521DC00000578-0-image-a-9_1428624519861-148x300.jpg 148w, https:\/\/elvisverzamelaars.nl\/wp-content\/uploads\/2017\/09\/276521DC00000578-0-image-a-9_1428624519861.jpg 450w\" sizes=\"auto, (max-width: 148px) 100vw, 148px\" \/><br \/>\n<strong><span style=\"color: #ff0000;\">In Graceland\u00a0 \u00a0 \u00a0 \u00a0 \u00a0 \u00a0 \u00a0 \u00a0 \u00a0 \u00a0 \u00a0 \u00a0 \u00a0 \u00a0 \u00a0 \u00a0 \u00a0 \u00a0 \u00a0 \u00a0 \u00a0 \u00a0 \u00a0 \u00a0 \u00a0 \u00a0 \u00a0 \u00a0 \u00a0 \u00a0 \u00a0 \u00a0 \u00a0Tijdens een tentoonstelling<\/span><\/strong><br \/>\n<strong><span style=\"color: #ff0000;\">\u00a0 \u00a0 \u00a0 \u00a0 \u00a0 \u00a0 \u00a0 \u00a0 \u00a0 \u00a0 \u00a0 \u00a0 \u00a0 \u00a0 \u00a0 \u00a0 \u00a0 \u00a0 \u00a0 \u00a0 \u00a0 \u00a0 \u00a0 \u00a0 \u00a0 \u00a0 \u00a0 \u00a0 \u00a0 \u00a0 \u00a0 \u00a0 \u00a0 \u00a0 \u00a0 \u00a0 \u00a0 \u00a0 \u00a0 \u00a0 \u00a0 \u00a0 \u00a0 \u00a0 \u00a0 \u00a0in de O2 Arena in Londen<\/span><\/strong><\/p>\n<p style=\"text-align: center;\"><span style=\"color: #000000;\">Andere kostuums gemaakt door Nudie\u2019s Rodeo Tailors, en gedragen door Elvis zijn: de bekende Cowboy Outfit uit de film \u201cLoving You\u201d,\u00a0 Millionaire Suit uit de film \u201cClambake\u201d en het rode overhemd dat Elvis droeg in \u201cThe Steve Allen Show\u201d op 1 juli 1956, ook\u00a0 werden er speciaal voor Elvis 2 Jumpsuits gemaakt, 1 in het geel, en 1 in het roze en een aantal verschillende leren jassen.<\/span><\/p>\n<p style=\"text-align: center;\"><img loading=\"lazy\" decoding=\"async\" class=\"alignnone size-medium wp-image-2686\" src=\"http:\/\/elvisverzamelaars.nl\/wp-content\/uploads\/2017\/09\/Nudie-Jumpsuit-129x300.jpg\" alt=\"\" width=\"129\" height=\"300\" srcset=\"https:\/\/elvisverzamelaars.nl\/wp-content\/uploads\/2017\/09\/Nudie-Jumpsuit-129x300.jpg 129w, https:\/\/elvisverzamelaars.nl\/wp-content\/uploads\/2017\/09\/Nudie-Jumpsuit-441x1024.jpg 441w, https:\/\/elvisverzamelaars.nl\/wp-content\/uploads\/2017\/09\/Nudie-Jumpsuit.jpg 450w\" sizes=\"auto, (max-width: 129px) 100vw, 129px\" \/>\u00a0 \u00a0 \u00a0 \u00a0 \u00a0 \u00a0 \u00a0 \u00a0 \u00a0 \u00a0\u00a0<img loading=\"lazy\" decoding=\"async\" class=\"alignnone size-medium wp-image-2682\" src=\"http:\/\/elvisverzamelaars.nl\/wp-content\/uploads\/2017\/09\/gallery_21960_89_334448-106x300.jpg\" alt=\"\" width=\"106\" height=\"300\" srcset=\"https:\/\/elvisverzamelaars.nl\/wp-content\/uploads\/2017\/09\/gallery_21960_89_334448-106x300.jpg 106w, https:\/\/elvisverzamelaars.nl\/wp-content\/uploads\/2017\/09\/gallery_21960_89_334448-363x1024.jpg 363w, https:\/\/elvisverzamelaars.nl\/wp-content\/uploads\/2017\/09\/gallery_21960_89_334448.jpg 450w\" sizes=\"auto, (max-width: 106px) 100vw, 106px\" \/><br \/>\n<strong><span style=\"color: #ff0000;\">De 2 jumpsuits die hieronder zijn afgebeeld, zijn ook gemaakt door\u00a0Nudie\u2019s Rodeo Tailors voor Elvis. Ze zijn in een kast in Graceland gevonden, maar helaas weet niemand dat Elvis ze ooit heeft gedragen.<\/span><\/strong><\/p>\n<p style=\"text-align: center;\"><span style=\"color: #000000;\">Andere sterren die onder andere kleding droegen van Nudie\u2019s Rodeo Tailors, zijn: Dolly Parton,<br \/>\nPorter Wagoner, George Jones, Tammy Wynette, Tanya Tucker, Buck Owens, Mick Jagger, Cher, Johnny Cash, Gram Parsons, Conway Twitty, Elvis Costello, Hank Williams Sr., Stella Parton, Burt Reynolds, John Lennon, Ronald Reagan, Tony Curtis, Elton John, ZZ Top, en de Belgische zanger Bobbejaan Schoepen.<\/span><\/p>\n<p style=\"text-align: center;\"><img loading=\"lazy\" decoding=\"async\" class=\"alignnone size-medium wp-image-2685\" src=\"http:\/\/elvisverzamelaars.nl\/wp-content\/uploads\/2017\/09\/Nudie-Cohn-5-128x300.jpg\" alt=\"\" width=\"128\" height=\"300\" srcset=\"https:\/\/elvisverzamelaars.nl\/wp-content\/uploads\/2017\/09\/Nudie-Cohn-5-128x300.jpg 128w, https:\/\/elvisverzamelaars.nl\/wp-content\/uploads\/2017\/09\/Nudie-Cohn-5-438x1024.jpg 438w, https:\/\/elvisverzamelaars.nl\/wp-content\/uploads\/2017\/09\/Nudie-Cohn-5.jpg 450w\" sizes=\"auto, (max-width: 128px) 100vw, 128px\" \/>\u00a0 \u00a0 \u00a0 \u00a0 \u00a0 \u00a0 \u00a0 \u00a0 \u00a0 \u00a0 \u00a0 \u00a0 \u00a0 \u00a0 \u00a0\u00a0<img loading=\"lazy\" decoding=\"async\" class=\"alignnone size-medium wp-image-2690\" src=\"http:\/\/elvisverzamelaars.nl\/wp-content\/uploads\/2017\/09\/Bobbie-Nudie-1-147x300.jpg\" alt=\"\" width=\"147\" height=\"300\" srcset=\"https:\/\/elvisverzamelaars.nl\/wp-content\/uploads\/2017\/09\/Bobbie-Nudie-1-147x300.jpg 147w, https:\/\/elvisverzamelaars.nl\/wp-content\/uploads\/2017\/09\/Bobbie-Nudie-1.jpg 309w\" sizes=\"auto, (max-width: 147px) 100vw, 147px\" \/><br \/>\n<strong><span style=\"color: #ff0000;\">Nudie Cohn\u00a0 \u00a0 \u00a0 \u00a0 \u00a0 \u00a0 \u00a0 \u00a0 \u00a0 \u00a0 \u00a0 \u00a0 \u00a0 \u00a0 \u00a0 \u00a0 \u00a0 \u00a0 \u00a0 \u00a0 \u00a0 \u00a0 \u00a0 Bobbie Nudie<\/span><\/strong><\/p>\n<p style=\"text-align: center;\"><span style=\"color: #000000;\">Meer informatie op: <a href=\"http:\/\/www.nudiesrodeotailor.com\"><span style=\"color: #0000ff;\">www.nudiesrodeotailor.com<\/span><\/a>.<\/span><\/p>\n","protected":false},"excerpt":{"rendered":"<p>Nudie Cohn en z&#8217;n vrouw Helen &#8220;Bobbie&#8221; Kruger Het gouden Lam\u00e9 kostuum is gemaakt eind 1956 door Nudie Cohn (geboren op 15 december 1902 in Kiev, Oekra\u00efne als Nuta Kotlyarenko. Overleden op 9 mei 1984 in Burbank, Californi\u00eb.) van het bedrijf Nudie\u2019s Rodeo Tailors in Hollywood, in opdracht van Colonel Tom Parker. De Colonel vond [&hellip;]<\/p>\n","protected":false},"author":1,"featured_media":0,"parent":4057,"menu_order":0,"comment_status":"closed","ping_status":"closed","template":"","meta":{"footnotes":""},"class_list":["post-2674","page","type-page","status-publish","hentry"],"_links":{"self":[{"href":"https:\/\/elvisverzamelaars.nl\/index.php?rest_route=\/wp\/v2\/pages\/2674","targetHints":{"allow":["GET"]}}],"collection":[{"href":"https:\/\/elvisverzamelaars.nl\/index.php?rest_route=\/wp\/v2\/pages"}],"about":[{"href":"https:\/\/elvisverzamelaars.nl\/index.php?rest_route=\/wp\/v2\/types\/page"}],"author":[{"embeddable":true,"href":"https:\/\/elvisverzamelaars.nl\/index.php?rest_route=\/wp\/v2\/users\/1"}],"replies":[{"embeddable":true,"href":"https:\/\/elvisverzamelaars.nl\/index.php?rest_route=%2Fwp%2Fv2%2Fcomments&post=2674"}],"version-history":[{"count":23,"href":"https:\/\/elvisverzamelaars.nl\/index.php?rest_route=\/wp\/v2\/pages\/2674\/revisions"}],"predecessor-version":[{"id":15700,"href":"https:\/\/elvisverzamelaars.nl\/index.php?rest_route=\/wp\/v2\/pages\/2674\/revisions\/15700"}],"up":[{"embeddable":true,"href":"https:\/\/elvisverzamelaars.nl\/index.php?rest_route=\/wp\/v2\/pages\/4057"}],"wp:attachment":[{"href":"https:\/\/elvisverzamelaars.nl\/index.php?rest_route=%2Fwp%2Fv2%2Fmedia&parent=2674"}],"curies":[{"name":"wp","href":"https:\/\/api.w.org\/{rel}","templated":true}]}}